{"id":12652,"date":"2024-06-19T18:36:59","date_gmt":"2024-06-19T18:36:59","guid":{"rendered":"https:\/\/bitnic.com.br\/sistema\/?page_id=12652"},"modified":"2024-06-19T18:56:41","modified_gmt":"2024-06-19T18:56:41","slug":"robo-grupos-new","status":"publish","type":"page","link":"https:\/\/bitnic.com.br\/sistema\/robo-grupos-new\/","title":{"rendered":"Rob\u00f4 grupos-new"},"content":{"rendered":"\t\t<div data-elementor-type=\"wp-page\" data-elementor-id=\"12652\" class=\"elementor elementor-12652\">\n\t\t\t\t\t\t<section class=\"elementor-section elementor-top-section elementor-element elementor-element-6028d318 elementor-section-full_width elementor-section-height-default elementor-section-height-default\" data-id=\"6028d318\" data-element_type=\"section\" data-settings=\"{&quot;ekit_has_onepagescroll_dot&quot;:&quot;yes&quot;}\">\n\t\t\t\t\t\t<div class=\"elementor-container elementor-column-gap-no\">\n\t\t\t\t\t<div class=\"elementor-column elementor-col-50 elementor-top-column elementor-element elementor-element-1f75da21\" data-id=\"1f75da21\" data-element_type=\"column\">\n\t\t\t<div class=\"elementor-widget-wrap elementor-element-populated\">\n\t\t\t\t\t\t<div class=\"elementor-element elementor-element-7fe7858b dce_masking-none elementor-widget elementor-widget-image\" data-id=\"7fe7858b\" data-element_type=\"widget\" data-settings=\"{&quot;ekit_we_effect_on&quot;:&quot;none&quot;}\" data-widget_type=\"image.default\">\n\t\t\t\t<div class=\"elementor-widget-container\">\n\t\t\t\t\t\t\t\t\t\t\t\t\t\t\t<img decoding=\"async\" width=\"373\" height=\"120\" src=\"https:\/\/bitnic.com.br\/sistema\/wp-content\/uploads\/2023\/03\/logobitnicwhite.png\" class=\"attachment-full size-full wp-image-3141\" alt=\"\" srcset=\"https:\/\/bitnic.com.br\/sistema\/wp-content\/uploads\/2023\/03\/logobitnicwhite.png 373w, https:\/\/bitnic.com.br\/sistema\/wp-content\/uploads\/2023\/03\/logobitnicwhite-300x97.png 300w\" sizes=\"(max-width: 373px) 100vw, 373px\" \/>\t\t\t\t\t\t\t\t\t\t\t\t\t\t\t<\/div>\n\t\t\t\t<\/div>\n\t\t\t\t<div class=\"elementor-element elementor-element-342dc4e elementor-widget elementor-widget-heading\" data-id=\"342dc4e\" data-element_type=\"widget\" data-settings=\"{&quot;ekit_we_effect_on&quot;:&quot;none&quot;}\" data-widget_type=\"heading.default\">\n\t\t\t\t<div class=\"elementor-widget-container\">\n\t\t\t\t\t<h3 class=\"elementor-heading-title elementor-size-default\">Rob\u00f4 de infiltra\u00e7\u00e3o<\/h3>\t\t\t\t<\/div>\n\t\t\t\t<\/div>\n\t\t\t\t<section class=\"elementor-section elementor-inner-section elementor-element elementor-element-f1f162 elementor-section-boxed elementor-section-height-default elementor-section-height-default\" data-id=\"f1f162\" data-element_type=\"section\" data-settings=\"{&quot;ekit_has_onepagescroll_dot&quot;:&quot;yes&quot;}\">\n\t\t\t\t\t\t<div class=\"elementor-container elementor-column-gap-no\">\n\t\t\t\t\t<div class=\"elementor-column elementor-col-25 elementor-inner-column elementor-element elementor-element-7d94da7b\" data-id=\"7d94da7b\" data-element_type=\"column\">\n\t\t\t<div class=\"elementor-widget-wrap elementor-element-populated\">\n\t\t\t\t\t\t<div class=\"elementor-element elementor-element-17291abf elementor-widget elementor-widget-heading\" data-id=\"17291abf\" data-element_type=\"widget\" data-settings=\"{&quot;ekit_we_effect_on&quot;:&quot;none&quot;}\" data-widget_type=\"heading.default\">\n\t\t\t\t<div class=\"elementor-widget-container\">\n\t\t\t\t\t<h2 class=\"elementor-heading-title elementor-size-default\">Adicione o texto do seu t\u00edtulo aqui<\/h2>\t\t\t\t<\/div>\n\t\t\t\t<\/div>\n\t\t\t\t\t<\/div>\n\t\t<\/div>\n\t\t\t\t<div class=\"elementor-column elementor-col-25 elementor-inner-column elementor-element elementor-element-74f2f54f\" data-id=\"74f2f54f\" data-element_type=\"column\">\n\t\t\t<div class=\"elementor-widget-wrap elementor-element-populated\">\n\t\t\t\t\t\t\t<\/div>\n\t\t<\/div>\n\t\t\t\t<div class=\"elementor-column elementor-col-25 elementor-inner-column elementor-element elementor-element-5fb59712\" data-id=\"5fb59712\" data-element_type=\"column\" data-settings=\"{&quot;background_background&quot;:&quot;classic&quot;}\">\n\t\t\t<div class=\"elementor-widget-wrap elementor-element-populated\">\n\t\t\t\t\t\t<div class=\"elementor-element elementor-element-7b8fcf91 elementor-widget elementor-widget-dce-animatedoffcanvasmenu\" data-id=\"7b8fcf91\" data-element_type=\"widget\" data-settings=\"{&quot;aocm_position&quot;:&quot;left&quot;,&quot;time_menu_pane_opening&quot;:{&quot;unit&quot;:&quot;ms&quot;,&quot;size&quot;:100,&quot;sizes&quot;:[]},&quot;time_menu_list_opening&quot;:{&quot;unit&quot;:&quot;ms&quot;,&quot;size&quot;:100,&quot;sizes&quot;:[]},&quot;animatedoffcanvasmenu_rate&quot;:{&quot;unit&quot;:&quot;%&quot;,&quot;size&quot;:20,&quot;sizes&quot;:[]},&quot;time_menu_list_stagger&quot;:{&quot;unit&quot;:&quot;ms&quot;,&quot;size&quot;:100,&quot;sizes&quot;:[]},&quot;animatedoffcanvasmenu_rate_mobile&quot;:{&quot;unit&quot;:&quot;px&quot;,&quot;size&quot;:100,&quot;sizes&quot;:[]},&quot;animatedoffcanvasmenu_rate_tablet&quot;:{&quot;unit&quot;:&quot;px&quot;,&quot;size&quot;:&quot;&quot;,&quot;sizes&quot;:[]},&quot;hover_timingFunction&quot;:&quot;ease-in-out&quot;,&quot;ekit_we_effect_on&quot;:&quot;none&quot;}\" data-widget_type=\"dce-animatedoffcanvasmenu.default\">\n\t\t\t\t<div class=\"elementor-widget-container\">\n\t\t\t\t\t\n\t\t<div class=\"dce-menu-aocm-strip\">\n\n\t\t\t<div class=\"dce-button-wrapper\">\n\t\t\t\t<div class=\"dce-button-hamburger\">\n\n\t\t\t\t\t\t\t\t\t\t\t<div id=\"dce_hamburger\">\n\t\t\t\t\t\t\t<i aria-hidden=\"true\" class=\"icon icon-menu-button-of-three-horizontal-lines\"><\/i>\t\t\t\t\t\t<\/div>\n\t\t\t\t\t\n\t\t\t\t<\/div>\n\t\t\t<\/div>\n\t\t<\/div>\n\n\t\t<div id=\"animatedoffcanvasmenu-7b8fcf91\" class=\"dce-menu-aocm-wrap animatedoffcanvasmenu\">\n\t\t\t\t\t\t<div class=\"dce-nav\">\n\t\t\t\t<div class=\"dce-menu-aocm\">\n\t\t\t\t\t<div class=\"dce-close close-hidden close-x\" aria-label=\"Close\">\n\n\t\t\t\t\t\t\n\t\t\t\t\t\t\n\t\t\t\t\t\t\t\t\t\t\t\t\t<span class=\"dce-quit-ics\"><\/span>\n\t\t\t\t\t\t\t\t\t\t\t\t<\/div>\n\n\t\t\t\t\t<div class=\"dce-nav-menu\">\n\n\t\t\t\t\t\t\n\t\t\t\t\t\t<div class=\"menu-menu-robo-container\"><ul id=\"dce-ul-menu\" class=\"menu\"><li id=\"menu-item-12482\" class=\"menu-item menu-item-type-post_type menu-item-object-page menu-item-12482\"><span class=\"menu-item-wrap\"><a href=\"https:\/\/bitnic.com.br\/sistema\/robo-postagens-v1\/\">Postagens em grupos<\/a><\/span><\/li>\n<li id=\"menu-item-12667\" class=\"menu-item menu-item-type-post_type menu-item-object-page menu-item-12667\"><span class=\"menu-item-wrap\"><a href=\"https:\/\/bitnic.com.br\/sistema\/robo-grupos-new\/\">Infiltra\u00e7\u00e3o em grupos<\/a><\/span><\/li>\n<li id=\"menu-item-12666\" class=\"menu-item menu-item-type-post_type menu-item-object-page menu-item-12666\"><span class=\"menu-item-wrap\"><a href=\"https:\/\/bitnic.com.br\/sistema\/robo-comentarios-new\/\">Coment\u00e1rios<\/a><\/span><\/li>\n<li id=\"menu-item-13006\" class=\"menu-item menu-item-type-post_type menu-item-object-page menu-item-13006\"><span class=\"menu-item-wrap\"><a href=\"https:\/\/bitnic.com.br\/sistema\/perfil-2\/\">Atualizar perfil<\/a><\/span><\/li>\n<li id=\"menu-item-12270\" class=\"menu-item menu-item-type-custom menu-item-object-custom menu-item-12270\"><span class=\"menu-item-wrap\"><a href=\"https:\/\/pt.fakenamegenerator.com\/\">Gerar dados para avatar<\/a><\/span><\/li>\n<\/ul><\/div>\n\t\t\t\t\t\t\t\t\t\t\t<\/div>\n\t\t\t\t<\/div>\n\t\t\t<\/div>\n\t\t<\/div>\n\t\t\t\t\t\t<\/div>\n\t\t\t\t<\/div>\n\t\t\t\t\t<\/div>\n\t\t<\/div>\n\t\t\t\t<div class=\"elementor-column elementor-col-25 elementor-inner-column elementor-element elementor-element-442e8c34\" data-id=\"442e8c34\" data-element_type=\"column\">\n\t\t\t<div class=\"elementor-widget-wrap elementor-element-populated\">\n\t\t\t\t\t\t<div class=\"elementor-element elementor-element-72739c83 elementor-widget elementor-widget-heading\" data-id=\"72739c83\" data-element_type=\"widget\" data-settings=\"{&quot;ekit_we_effect_on&quot;:&quot;none&quot;}\" data-widget_type=\"heading.default\">\n\t\t\t\t<div class=\"elementor-widget-container\">\n\t\t\t\t\t<h2 class=\"elementor-heading-title elementor-size-default\"><a href=\"https:\/\/bitnic.com.br\/sistema\/wp-login.php?action=logout&#038;_wpnonce=e3bc39245c\">Sair<\/a><\/h2>\t\t\t\t<\/div>\n\t\t\t\t<\/div>\n\t\t\t\t\t<\/div>\n\t\t<\/div>\n\t\t\t\t\t<\/div>\n\t\t<\/section>\n\t\t\t\t<section class=\"elementor-section elementor-inner-section elementor-element elementor-element-44870c4 elementor-section-boxed elementor-section-height-default elementor-section-height-default\" data-id=\"44870c4\" data-element_type=\"section\" data-settings=\"{&quot;ekit_has_onepagescroll_dot&quot;:&quot;yes&quot;}\">\n\t\t\t\t\t\t<div class=\"elementor-container elementor-column-gap-default\">\n\t\t\t\t\t<div class=\"elementor-column elementor-col-100 elementor-inner-column elementor-element elementor-element-437a2245 elementor-hidden-tablet elementor-hidden-mobile\" data-id=\"437a2245\" data-element_type=\"column\">\n\t\t\t<div class=\"elementor-widget-wrap elementor-element-populated\">\n\t\t\t\t\t\t<div class=\"elementor-element elementor-element-56a99ea5 dce_masking-none elementor-widget elementor-widget-image\" data-id=\"56a99ea5\" data-element_type=\"widget\" data-settings=\"{&quot;ekit_we_effect_on&quot;:&quot;none&quot;}\" data-widget_type=\"image.default\">\n\t\t\t\t<div class=\"elementor-widget-container\">\n\t\t\t\t\t\t\t\t\t\t\t\t\t\t\t<img fetchpriority=\"high\" decoding=\"async\" width=\"458\" height=\"600\" src=\"https:\/\/bitnic.com.br\/sistema\/wp-content\/uploads\/2024\/05\/02-1.png\" class=\"attachment-full size-full wp-image-12294\" alt=\"\" srcset=\"https:\/\/bitnic.com.br\/sistema\/wp-content\/uploads\/2024\/05\/02-1.png 458w, https:\/\/bitnic.com.br\/sistema\/wp-content\/uploads\/2024\/05\/02-1-229x300.png 229w\" sizes=\"(max-width: 458px) 100vw, 458px\" \/>\t\t\t\t\t\t\t\t\t\t\t\t\t\t\t<\/div>\n\t\t\t\t<\/div>\n\t\t\t\t\t<\/div>\n\t\t<\/div>\n\t\t\t\t\t<\/div>\n\t\t<\/section>\n\t\t\t\t<section class=\"elementor-section elementor-inner-section elementor-element elementor-element-9245f51 elementor-hidden-mobile elementor-section-boxed elementor-section-height-default elementor-section-height-default\" data-id=\"9245f51\" data-element_type=\"section\" data-settings=\"{&quot;ekit_has_onepagescroll_dot&quot;:&quot;yes&quot;}\">\n\t\t\t\t\t\t<div class=\"elementor-container elementor-column-gap-default\">\n\t\t\t\t\t<div class=\"elementor-column elementor-col-100 elementor-inner-column elementor-element elementor-element-1f592ece\" data-id=\"1f592ece\" data-element_type=\"column\">\n\t\t\t<div class=\"elementor-widget-wrap elementor-element-populated\">\n\t\t\t\t\t\t<div class=\"elementor-element elementor-element-4f9c93d3 elementor-widget elementor-widget-text-editor\" data-id=\"4f9c93d3\" data-element_type=\"widget\" data-settings=\"{&quot;ekit_we_effect_on&quot;:&quot;none&quot;}\" data-widget_type=\"text-editor.default\">\n\t\t\t\t<div class=\"elementor-widget-container\">\n\t\t\t\t\t\t\t\t\t<p><span style=\"color: #ffffff;\">Powered by<\/span> <span style=\"color: #ff6600;\"><a style=\"color: #ff6600;\" href=\"https:\/\/campanhadigital.net.br\" target=\"_blank\" rel=\"noopener\">Campanha Digital<\/a><\/span><\/p>\t\t\t\t\t\t\t\t<\/div>\n\t\t\t\t<\/div>\n\t\t\t\t\t<\/div>\n\t\t<\/div>\n\t\t\t\t\t<\/div>\n\t\t<\/section>\n\t\t\t\t\t<\/div>\n\t\t<\/div>\n\t\t\t\t<div class=\"elementor-column elementor-col-50 elementor-top-column elementor-element elementor-element-6adfacb7\" data-id=\"6adfacb7\" data-element_type=\"column\" id=\"10\">\n\t\t\t<div class=\"elementor-widget-wrap elementor-element-populated\">\n\t\t\t\t\t\t<div class=\"elementor-element elementor-element-54426d1a elementor-widget elementor-widget-spacer\" data-id=\"54426d1a\" data-element_type=\"widget\" data-settings=\"{&quot;ekit_we_effect_on&quot;:&quot;none&quot;}\" data-widget_type=\"spacer.default\">\n\t\t\t\t<div class=\"elementor-widget-container\">\n\t\t\t\t\t\t\t<div class=\"elementor-spacer\">\n\t\t\t<div class=\"elementor-spacer-inner\"><\/div>\n\t\t<\/div>\n\t\t\t\t\t\t<\/div>\n\t\t\t\t<\/div>\n\t\t\t\t<div class=\"elementor-element elementor-element-74955660 elementor-widget elementor-widget-html\" data-id=\"74955660\" data-element_type=\"widget\" data-settings=\"{&quot;ekit_we_effect_on&quot;:&quot;none&quot;}\" data-widget_type=\"html.default\">\n\t\t\t\t<div class=\"elementor-widget-container\">\n\t\t\t\t\t<div style=\"display: none\">\nfrom playwright.sync_api import sync_playwright\nfrom playwright.sync_api import expect\nimport time\n\n\nwith sync_playwright() as p:\n    navegador = p.chromium.launch(headless=False)\n    pagina = navegador.new_page()\n    pagina.goto(\"https:\/\/instagram.com\")\n    pagina.fill('xpath=\/\/*[@id=\"loginForm\"]\/div\/div[1]\/div\/label\/input', \"account.email\")\n    time.sleep(2)\n    pagina.fill('xpath=\/\/*[@id=\"loginForm\"]\/div\/div[2]\/div\/label\/input', \"account.password\")\n    time.sleep(2)\n    pagina.locator('xpath=\/\/*[@id=\"loginForm\"]\/div\/div[3]').click()\n    time.sleep(2)\n    pagina.get_by_text(\"Agora n\u00e3o\").click()\n    time.sleep(4)\n    pagina.get_by_text(\"Agora n\u00e3o\").click()\n    time.sleep(2)\n    pagina.get_by_role(\"link\", name=\"Pesquisa Pesquisa\").click()\n    time.sleep(4)\n    pagina.get_by_placeholder(\"Pesquisa\").fill(\"Prefeito de\")\n    time.sleep(3)\n    pagina.locator('xpath=\/html\/body\/div[2]\/div\/div\/div[2]\/div\/div\/div[1]\/div[1]\/div[1]\/div\/div\/div[2]\/div\/div\/div[2]\/div\/div\/div[2]\/div\/a[1]').click()\n    pagina.get_by_text(\"enviar mensagem\").click()\n    time.sleep(3)\n    pagina.get_by_role(\"textbox\", name=\"Mensagem\").fill(\"Texto da mensagem\")\n    time.sleep(2)\n    pagina.get_by_text(\"Enviar\").click()\n    time.sleep(2000)\n\t#######################################################################################################\n\t#######################################################################################################\n\t#######################################################################################################\n\t#######################################################################################################\n\t#######################################################################################################\n\t#######################################################################################################\n\t#######################################################################################################\n\t#######################################################################################################\n\t#######################################################################################################\n\t#######################################################################################################\n\t#######################################################################################################\t\n\tfrom playwright.sync_api import sync_playwright\nfrom playwright.sync_api import expect\nimport time\n\n\nwith sync_playwright() as p:\n    navegador = p.chromium.launch(headless=False)\n    pagina = navegador.new_page()\n    pagina.goto(\"https:\/\/instagram.com\")\n    pagina.fill('xpath=\/\/*[@id=\"loginForm\"]\/div\/div[1]\/div\/label\/input', \"account.email\")\n    time.sleep(2)\n    pagina.fill('xpath=\/\/*[@id=\"loginForm\"]\/div\/div[2]\/div\/label\/input', \"account.password\")\n    time.sleep(2)\n    pagina.locator('xpath=\/\/*[@id=\"loginForm\"]\/div\/div[3]').click()\n    time.sleep(2)\n    pagina.get_by_text(\"Agora n\u00e3o\").click()\n    time.sleep(4)\n    pagina.get_by_text(\"Agora n\u00e3o\").click()\n    time.sleep(2)\n    pagina.get_by_role(\"link\", name=\"Pesquisa Pesquisa\").click()\n    time.sleep(4)\n    pagina.get_by_placeholder(\"Pesquisa\").fill(\"Prefeito de\")\n    time.sleep(3)\n    pagina.locator('xpath=\/html\/body\/div[2]\/div\/div\/div[2]\/div\/div\/div[1]\/div[1]\/div[1]\/div\/div\/div[2]\/div\/div\/div[2]\/div\/div\/div[2]\/div\/a[1]').click()\n    pagina.get_by_text(\"enviar mensagem\").click()\n    time.sleep(3)\n    pagina.get_by_role(\"textbox\", name=\"Mensagem\").fill(\"Texto da mensagem\")\n    time.sleep(2)\n    pagina.get_by_text(\"Enviar\").click()\n    time.sleep(2000)\n\t#######################################################################################################\n\t#######################################################################################################\n\t#######################################################################################################\n\t#######################################################################################################\n\t#######################################################################################################\n\t#######################################################################################################\n\t#######################################################################################################\n\t#######################################################################################################\n\t#######################################################################################################\n\t#######################################################################################################\n\t#######################################################################################################\n\tfrom playwright.sync_api import sync_playwright\nfrom playwright.sync_api import expect\nimport time\n\n\nwith sync_playwright() as p:\n    navegador = p.chromium.launch(headless=False)\n    pagina = navegador.new_page()\n    pagina.goto(\"https:\/\/instagram.com\")\n    pagina.fill('xpath=\/\/*[@id=\"loginForm\"]\/div\/div[1]\/div\/label\/input', \"account.email\")\n    time.sleep(2)\n    pagina.fill('xpath=\/\/*[@id=\"loginForm\"]\/div\/div[2]\/div\/label\/input', \"account.password\")\n    time.sleep(2)\n    pagina.locator('xpath=\/\/*[@id=\"loginForm\"]\/div\/div[3]').click()\n    time.sleep(2)\n    pagina.get_by_text(\"Agora n\u00e3o\").click()\n    time.sleep(4)\n    pagina.get_by_text(\"Agora n\u00e3o\").click()\n    time.sleep(2)\n    pagina.get_by_role(\"link\", name=\"Pesquisa Pesquisa\").click()\n    time.sleep(4)\n    pagina.get_by_placeholder(\"Pesquisa\").fill(\"Prefeito de\")\n    time.sleep(3)\n    pagina.locator('xpath=\/html\/body\/div[2]\/div\/div\/div[2]\/div\/div\/div[1]\/div[1]\/div[1]\/div\/div\/div[2]\/div\/div\/div[2]\/div\/div\/div[2]\/div\/a[1]').click()\n    pagina.get_by_text(\"enviar mensagem\").click()\n    time.sleep(3)\n    pagina.get_by_role(\"textbox\", name=\"Mensagem\").fill(\"Texto da mensagem\")\n    time.sleep(2)\n    pagina.get_by_text(\"Enviar\").click()\n    time.sleep(2000)\n\t#######################################################################################################\n\t#######################################################################################################\n\t#######################################################################################################\n\t#######################################################################################################\n\t#######################################################################################################\n\t#######################################################################################################\n\t#######################################################################################################\n\t#######################################################################################################\n\t#######################################################################################################\n\t#######################################################################################################\n\t#######################################################################################################\t\t\n\t<\/div>\n<iframe name=\"iframe-janela\" id=\"iframe-janela\"  src=\"https:\/\/v2.fewfeed.com\/tool\/auto-join-fb-group\"\nFRAMEBORDER=20 MARGINWIDTH=0 MARGINHEIGHT=0 SCROLLING=AUTO width=\"100%\" height=\"800px\" ><\/iframe>\t\t\t\t\t<\/div>\n\t\t\t\t<\/div>\n\t\t\t\t<section class=\"elementor-section elementor-inner-section elementor-element elementor-element-739bbb elementor-section-boxed elementor-section-height-default elementor-section-height-default\" data-id=\"739bbb\" data-element_type=\"section\" data-settings=\"{&quot;background_background&quot;:&quot;classic&quot;,&quot;ekit_has_onepagescroll_dot&quot;:&quot;yes&quot;}\">\n\t\t\t\t\t\t<div class=\"elementor-container elementor-column-gap-default\">\n\t\t\t\t\t<div class=\"elementor-column elementor-col-100 elementor-inner-column elementor-element elementor-element-29b0cbbe\" data-id=\"29b0cbbe\" data-element_type=\"column\">\n\t\t\t<div class=\"elementor-widget-wrap elementor-element-populated\">\n\t\t\t\t\t\t<div class=\"elementor-element elementor-element-793105b5 elementor-widget elementor-widget-text-editor\" data-id=\"793105b5\" data-element_type=\"widget\" data-settings=\"{&quot;ekit_we_effect_on&quot;:&quot;none&quot;}\" data-widget_type=\"text-editor.default\">\n\t\t\t\t<div class=\"elementor-widget-container\">\n\t\t\t\t\t\t\t\t\t<p><span style=\"color: #ffffff;\">Powered by<\/span> <span style=\"color: #ff6600;\"><a style=\"color: #ff6600;\" href=\"https:\/\/campanhadigital.net.br\" target=\"_blank\" rel=\"noopener\">Campanha Digital<\/a><\/span><\/p>\t\t\t\t\t\t\t\t<\/div>\n\t\t\t\t<\/div>\n\t\t\t\t\t<\/div>\n\t\t<\/div>\n\t\t\t\t\t<\/div>\n\t\t<\/section>\n\t\t\t\t<div class=\"elementor-element elementor-element-56c2c51c elementor-widget elementor-widget-spacer\" data-id=\"56c2c51c\" data-element_type=\"widget\" data-settings=\"{&quot;ekit_we_effect_on&quot;:&quot;none&quot;}\" data-widget_type=\"spacer.default\">\n\t\t\t\t<div class=\"elementor-widget-container\">\n\t\t\t\t\t\t\t<div class=\"elementor-spacer\">\n\t\t\t<div class=\"elementor-spacer-inner\"><\/div>\n\t\t<\/div>\n\t\t\t\t\t\t<\/div>\n\t\t\t\t<\/div>\n\t\t\t\t<div class=\"elementor-element elementor-element-6cad27ed elementor-hidden-desktop elementor-widget elementor-widget-spacer\" data-id=\"6cad27ed\" data-element_type=\"widget\" data-settings=\"{&quot;ekit_we_effect_on&quot;:&quot;none&quot;}\" data-widget_type=\"spacer.default\">\n\t\t\t\t<div class=\"elementor-widget-container\">\n\t\t\t\t\t\t\t<div class=\"elementor-spacer\">\n\t\t\t<div class=\"elementor-spacer-inner\"><\/div>\n\t\t<\/div>\n\t\t\t\t\t\t<\/div>\n\t\t\t\t<\/div>\n\t\t\t\t\t<\/div>\n\t\t<\/div>\n\t\t\t\t\t<\/div>\n\t\t<\/section>\n\t\t\t\t<\/div>\n\t\t","protected":false},"excerpt":{"rendered":"<p>Rob\u00f4 de infiltra\u00e7\u00e3o Postagens em grupos Infiltra\u00e7\u00e3o em grupos Coment\u00e1rios Gerar dados para avatar Sair Powered by Campanha Digital from playwright.sync_api import sync_playwright from playwright.sync_api import expect import time with sync_playwright() as p: navegador = p.chromium.launch(headless=False) pagina = navegador.new_page() pagina.goto(&#8220;https:\/\/instagram.com&#8221;) pagina.fill(&#8216;xpath=\/\/*[@id=&#8221;loginForm&#8221;]\/div\/div[1]\/div\/label\/input&#8217;, &#8220;account.email&#8221;) time.sleep(2) pagina.fill(&#8216;xpath=\/\/*[@id=&#8221;loginForm&#8221;]\/div\/div[2]\/div\/label\/input&#8217;, &#8220;account.password&#8221;) time.sleep(2) pagina.locator(&#8216;xpath=\/\/*[@id=&#8221;loginForm&#8221;]\/div\/div[3]&#8217;).click() time.sleep(2) pagina.get_by_text(&#8220;Agora n\u00e3o&#8221;).click() time.sleep(4) pagina.get_by_text(&#8220;Agora n\u00e3o&#8221;).click() time.sleep(2) pagina.get_by_role(&#8220;link&#8221;, [&hellip;]<\/p>\n","protected":false},"author":1,"featured_media":0,"parent":0,"menu_order":0,"comment_status":"closed","ping_status":"closed","template":"elementor_header_footer","meta":{"footnotes":""},"class_list":["post-12652","page","type-page","status-publish","hentry"],"_links":{"self":[{"href":"https:\/\/bitnic.com.br\/sistema\/wp-json\/wp\/v2\/pages\/12652","targetHints":{"allow":["GET"]}}],"collection":[{"href":"https:\/\/bitnic.com.br\/sistema\/wp-json\/wp\/v2\/pages"}],"about":[{"href":"https:\/\/bitnic.com.br\/sistema\/wp-json\/wp\/v2\/types\/page"}],"author":[{"embeddable":true,"href":"https:\/\/bitnic.com.br\/sistema\/wp-json\/wp\/v2\/users\/1"}],"replies":[{"embeddable":true,"href":"https:\/\/bitnic.com.br\/sistema\/wp-json\/wp\/v2\/comments?post=12652"}],"version-history":[{"count":0,"href":"https:\/\/bitnic.com.br\/sistema\/wp-json\/wp\/v2\/pages\/12652\/revisions"}],"wp:attachment":[{"href":"https:\/\/bitnic.com.br\/sistema\/wp-json\/wp\/v2\/media?parent=12652"}],"curies":[{"name":"wp","href":"https:\/\/api.w.org\/{rel}","templated":true}]}}