{"id":12999,"date":"2024-06-26T18:54:48","date_gmt":"2024-06-26T18:54:48","guid":{"rendered":"https:\/\/bitnic.com.br\/sistema\/?page_id=12999"},"modified":"2024-06-28T13:18:49","modified_gmt":"2024-06-28T13:18:49","slug":"perfil-2","status":"publish","type":"page","link":"https:\/\/bitnic.com.br\/sistema\/perfil-2\/","title":{"rendered":"Perfil"},"content":{"rendered":"\t\t<div data-elementor-type=\"wp-page\" data-elementor-id=\"12999\" class=\"elementor elementor-12999\">\n\t\t\t\t\t\t<section class=\"elementor-section elementor-top-section elementor-element elementor-element-3d907a7b elementor-section-full_width elementor-section-height-default elementor-section-height-default\" data-id=\"3d907a7b\" data-element_type=\"section\" data-settings=\"{&quot;ekit_has_onepagescroll_dot&quot;:&quot;yes&quot;}\">\n\t\t\t\t\t\t<div class=\"elementor-container elementor-column-gap-no\">\n\t\t\t\t\t<div class=\"elementor-column elementor-col-33 elementor-top-column elementor-element elementor-element-5e9c4f7d\" data-id=\"5e9c4f7d\" data-element_type=\"column\">\n\t\t\t<div class=\"elementor-widget-wrap elementor-element-populated\">\n\t\t\t\t\t\t<div class=\"elementor-element elementor-element-7bb7d29a dce_masking-none elementor-widget elementor-widget-image\" data-id=\"7bb7d29a\" data-element_type=\"widget\" data-settings=\"{&quot;ekit_we_effect_on&quot;:&quot;none&quot;}\" data-widget_type=\"image.default\">\n\t\t\t\t<div class=\"elementor-widget-container\">\n\t\t\t\t\t\t\t\t\t\t\t\t\t\t\t<img decoding=\"async\" width=\"373\" height=\"120\" src=\"https:\/\/bitnic.com.br\/sistema\/wp-content\/uploads\/2023\/03\/logobitnicwhite.png\" class=\"attachment-full size-full wp-image-3141\" alt=\"\" srcset=\"https:\/\/bitnic.com.br\/sistema\/wp-content\/uploads\/2023\/03\/logobitnicwhite.png 373w, https:\/\/bitnic.com.br\/sistema\/wp-content\/uploads\/2023\/03\/logobitnicwhite-300x97.png 300w\" sizes=\"(max-width: 373px) 100vw, 373px\" \/>\t\t\t\t\t\t\t\t\t\t\t\t\t\t\t<\/div>\n\t\t\t\t<\/div>\n\t\t\t\t<div class=\"elementor-element elementor-element-41cf4cce elementor-widget elementor-widget-heading\" data-id=\"41cf4cce\" data-element_type=\"widget\" data-settings=\"{&quot;ekit_we_effect_on&quot;:&quot;none&quot;}\" data-widget_type=\"heading.default\">\n\t\t\t\t<div class=\"elementor-widget-container\">\n\t\t\t\t\t<h3 class=\"elementor-heading-title elementor-size-default\">Atualizar Perfil<\/h3>\t\t\t\t<\/div>\n\t\t\t\t<\/div>\n\t\t\t\t<section class=\"elementor-section elementor-inner-section elementor-element elementor-element-8bac204 elementor-section-boxed elementor-section-height-default elementor-section-height-default\" data-id=\"8bac204\" data-element_type=\"section\" data-settings=\"{&quot;ekit_has_onepagescroll_dot&quot;:&quot;yes&quot;}\">\n\t\t\t\t\t\t<div class=\"elementor-container elementor-column-gap-no\">\n\t\t\t\t\t<div class=\"elementor-column elementor-col-25 elementor-inner-column elementor-element elementor-element-109b4f69\" data-id=\"109b4f69\" data-element_type=\"column\">\n\t\t\t<div class=\"elementor-widget-wrap elementor-element-populated\">\n\t\t\t\t\t\t<div class=\"elementor-element elementor-element-735f3699 elementor-widget elementor-widget-heading\" data-id=\"735f3699\" data-element_type=\"widget\" data-settings=\"{&quot;ekit_we_effect_on&quot;:&quot;none&quot;}\" data-widget_type=\"heading.default\">\n\t\t\t\t<div class=\"elementor-widget-container\">\n\t\t\t\t\t<h2 class=\"elementor-heading-title elementor-size-default\">Adicione o texto do seu t\u00edtulo aqui<\/h2>\t\t\t\t<\/div>\n\t\t\t\t<\/div>\n\t\t\t\t\t<\/div>\n\t\t<\/div>\n\t\t\t\t<div class=\"elementor-column elementor-col-25 elementor-inner-column elementor-element elementor-element-4abc7656\" data-id=\"4abc7656\" data-element_type=\"column\">\n\t\t\t<div class=\"elementor-widget-wrap elementor-element-populated\">\n\t\t\t\t\t\t\t<\/div>\n\t\t<\/div>\n\t\t\t\t<div class=\"elementor-column elementor-col-25 elementor-inner-column elementor-element elementor-element-26421bec\" data-id=\"26421bec\" data-element_type=\"column\" data-settings=\"{&quot;background_background&quot;:&quot;classic&quot;}\">\n\t\t\t<div class=\"elementor-widget-wrap elementor-element-populated\">\n\t\t\t\t\t\t<div class=\"elementor-element elementor-element-6961bc88 elementor-widget elementor-widget-dce-animatedoffcanvasmenu\" data-id=\"6961bc88\" data-element_type=\"widget\" data-settings=\"{&quot;aocm_position&quot;:&quot;left&quot;,&quot;time_menu_pane_opening&quot;:{&quot;unit&quot;:&quot;ms&quot;,&quot;size&quot;:100,&quot;sizes&quot;:[]},&quot;time_menu_list_opening&quot;:{&quot;unit&quot;:&quot;ms&quot;,&quot;size&quot;:100,&quot;sizes&quot;:[]},&quot;animatedoffcanvasmenu_rate&quot;:{&quot;unit&quot;:&quot;%&quot;,&quot;size&quot;:20,&quot;sizes&quot;:[]},&quot;time_menu_list_stagger&quot;:{&quot;unit&quot;:&quot;ms&quot;,&quot;size&quot;:100,&quot;sizes&quot;:[]},&quot;animatedoffcanvasmenu_rate_mobile&quot;:{&quot;unit&quot;:&quot;px&quot;,&quot;size&quot;:100,&quot;sizes&quot;:[]},&quot;animatedoffcanvasmenu_rate_tablet&quot;:{&quot;unit&quot;:&quot;px&quot;,&quot;size&quot;:&quot;&quot;,&quot;sizes&quot;:[]},&quot;hover_timingFunction&quot;:&quot;ease-in-out&quot;,&quot;ekit_we_effect_on&quot;:&quot;none&quot;}\" data-widget_type=\"dce-animatedoffcanvasmenu.default\">\n\t\t\t\t<div class=\"elementor-widget-container\">\n\t\t\t\t\t\n\t\t<div class=\"dce-menu-aocm-strip\">\n\n\t\t\t<div class=\"dce-button-wrapper\">\n\t\t\t\t<div class=\"dce-button-hamburger\">\n\n\t\t\t\t\t\t\t\t\t\t\t<div id=\"dce_hamburger\">\n\t\t\t\t\t\t\t<i aria-hidden=\"true\" class=\"icon icon-menu-button-of-three-horizontal-lines\"><\/i>\t\t\t\t\t\t<\/div>\n\t\t\t\t\t\n\t\t\t\t<\/div>\n\t\t\t<\/div>\n\t\t<\/div>\n\n\t\t<div id=\"animatedoffcanvasmenu-6961bc88\" class=\"dce-menu-aocm-wrap animatedoffcanvasmenu\">\n\t\t\t\t\t\t<div class=\"dce-nav\">\n\t\t\t\t<div class=\"dce-menu-aocm\">\n\t\t\t\t\t<div class=\"dce-close close-hidden close-x\" aria-label=\"Close\">\n\n\t\t\t\t\t\t\n\t\t\t\t\t\t\n\t\t\t\t\t\t\t\t\t\t\t\t\t<span class=\"dce-quit-ics\"><\/span>\n\t\t\t\t\t\t\t\t\t\t\t\t<\/div>\n\n\t\t\t\t\t<div class=\"dce-nav-menu\">\n\n\t\t\t\t\t\t\n\t\t\t\t\t\t<div class=\"menu-menu-robo-container\"><ul id=\"dce-ul-menu\" class=\"menu\"><li id=\"menu-item-12482\" class=\"menu-item menu-item-type-post_type menu-item-object-page menu-item-12482\"><span class=\"menu-item-wrap\"><a href=\"https:\/\/bitnic.com.br\/sistema\/robo-postagens-v1\/\">Postagens em grupos<\/a><\/span><\/li>\n<li id=\"menu-item-12667\" class=\"menu-item menu-item-type-post_type menu-item-object-page menu-item-12667\"><span class=\"menu-item-wrap\"><a href=\"https:\/\/bitnic.com.br\/sistema\/robo-grupos-new\/\">Infiltra\u00e7\u00e3o em grupos<\/a><\/span><\/li>\n<li id=\"menu-item-12666\" class=\"menu-item menu-item-type-post_type menu-item-object-page menu-item-12666\"><span class=\"menu-item-wrap\"><a href=\"https:\/\/bitnic.com.br\/sistema\/robo-comentarios-new\/\">Coment\u00e1rios<\/a><\/span><\/li>\n<li id=\"menu-item-13006\" class=\"menu-item menu-item-type-post_type menu-item-object-page menu-item-13006\"><span class=\"menu-item-wrap\"><a href=\"https:\/\/bitnic.com.br\/sistema\/perfil-2\/\">Atualizar perfil<\/a><\/span><\/li>\n<li id=\"menu-item-12270\" class=\"menu-item menu-item-type-custom menu-item-object-custom menu-item-12270\"><span class=\"menu-item-wrap\"><a href=\"https:\/\/pt.fakenamegenerator.com\/\">Gerar dados para avatar<\/a><\/span><\/li>\n<\/ul><\/div>\n\t\t\t\t\t\t\t\t\t\t\t<\/div>\n\t\t\t\t<\/div>\n\t\t\t<\/div>\n\t\t<\/div>\n\t\t\t\t\t\t<\/div>\n\t\t\t\t<\/div>\n\t\t\t\t\t<\/div>\n\t\t<\/div>\n\t\t\t\t<div class=\"elementor-column elementor-col-25 elementor-inner-column elementor-element elementor-element-69d3aa95\" data-id=\"69d3aa95\" data-element_type=\"column\">\n\t\t\t<div class=\"elementor-widget-wrap elementor-element-populated\">\n\t\t\t\t\t\t<div class=\"elementor-element elementor-element-79b6da91 elementor-widget elementor-widget-heading\" data-id=\"79b6da91\" data-element_type=\"widget\" data-settings=\"{&quot;ekit_we_effect_on&quot;:&quot;none&quot;}\" data-widget_type=\"heading.default\">\n\t\t\t\t<div class=\"elementor-widget-container\">\n\t\t\t\t\t<h2 class=\"elementor-heading-title elementor-size-default\"><a href=\"https:\/\/bitnic.com.br\/sistema\/wp-login.php?action=logout&#038;_wpnonce=e3bc39245c\">Sair<\/a><\/h2>\t\t\t\t<\/div>\n\t\t\t\t<\/div>\n\t\t\t\t\t<\/div>\n\t\t<\/div>\n\t\t\t\t\t<\/div>\n\t\t<\/section>\n\t\t\t\t<section class=\"elementor-section elementor-inner-section elementor-element elementor-element-48a06fa2 elementor-section-boxed elementor-section-height-default elementor-section-height-default\" data-id=\"48a06fa2\" data-element_type=\"section\" data-settings=\"{&quot;ekit_has_onepagescroll_dot&quot;:&quot;yes&quot;}\">\n\t\t\t\t\t\t<div class=\"elementor-container elementor-column-gap-default\">\n\t\t\t\t\t<div class=\"elementor-column elementor-col-100 elementor-inner-column elementor-element elementor-element-4d04a4ee elementor-hidden-tablet elementor-hidden-mobile\" data-id=\"4d04a4ee\" data-element_type=\"column\">\n\t\t\t<div class=\"elementor-widget-wrap elementor-element-populated\">\n\t\t\t\t\t\t<div class=\"elementor-element elementor-element-40558e8a dce_masking-none elementor-widget elementor-widget-image\" data-id=\"40558e8a\" data-element_type=\"widget\" data-settings=\"{&quot;ekit_we_effect_on&quot;:&quot;none&quot;}\" data-widget_type=\"image.default\">\n\t\t\t\t<div class=\"elementor-widget-container\">\n\t\t\t\t\t\t\t\t\t\t\t\t\t\t\t<img fetchpriority=\"high\" decoding=\"async\" width=\"458\" height=\"600\" src=\"https:\/\/bitnic.com.br\/sistema\/wp-content\/uploads\/2024\/05\/02-1.png\" class=\"attachment-full size-full wp-image-12294\" alt=\"\" srcset=\"https:\/\/bitnic.com.br\/sistema\/wp-content\/uploads\/2024\/05\/02-1.png 458w, https:\/\/bitnic.com.br\/sistema\/wp-content\/uploads\/2024\/05\/02-1-229x300.png 229w\" sizes=\"(max-width: 458px) 100vw, 458px\" \/>\t\t\t\t\t\t\t\t\t\t\t\t\t\t\t<\/div>\n\t\t\t\t<\/div>\n\t\t\t\t\t<\/div>\n\t\t<\/div>\n\t\t\t\t\t<\/div>\n\t\t<\/section>\n\t\t\t\t<section class=\"elementor-section elementor-inner-section elementor-element elementor-element-5dcf0d41 elementor-hidden-mobile elementor-section-boxed elementor-section-height-default elementor-section-height-default\" data-id=\"5dcf0d41\" data-element_type=\"section\" data-settings=\"{&quot;ekit_has_onepagescroll_dot&quot;:&quot;yes&quot;}\">\n\t\t\t\t\t\t<div class=\"elementor-container elementor-column-gap-default\">\n\t\t\t\t\t<div class=\"elementor-column elementor-col-100 elementor-inner-column elementor-element elementor-element-7feb2aaf\" data-id=\"7feb2aaf\" data-element_type=\"column\">\n\t\t\t<div class=\"elementor-widget-wrap elementor-element-populated\">\n\t\t\t\t\t\t<div class=\"elementor-element elementor-element-687729a6 elementor-widget elementor-widget-text-editor\" data-id=\"687729a6\" data-element_type=\"widget\" data-settings=\"{&quot;ekit_we_effect_on&quot;:&quot;none&quot;}\" data-widget_type=\"text-editor.default\">\n\t\t\t\t<div class=\"elementor-widget-container\">\n\t\t\t\t\t\t\t\t\t<p><span style=\"color: #ffffff;\">Powered by<\/span> <span style=\"color: #ff6600;\"><a style=\"color: #ff6600;\" href=\"https:\/\/campanhadigital.net.br\" target=\"_blank\" rel=\"noopener\">Campanha Digital<\/a><\/span><\/p>\t\t\t\t\t\t\t\t<\/div>\n\t\t\t\t<\/div>\n\t\t\t\t\t<\/div>\n\t\t<\/div>\n\t\t\t\t\t<\/div>\n\t\t<\/section>\n\t\t\t\t\t<\/div>\n\t\t<\/div>\n\t\t\t\t<div class=\"elementor-column elementor-col-33 elementor-top-column elementor-element elementor-element-45706a20\" data-id=\"45706a20\" data-element_type=\"column\" id=\"10\" data-settings=\"{&quot;background_background&quot;:&quot;classic&quot;}\">\n\t\t\t<div class=\"elementor-widget-wrap elementor-element-populated\">\n\t\t\t\t\t\t<div class=\"elementor-element elementor-element-35f3f3b elementor-widget elementor-widget-shortcode\" data-id=\"35f3f3b\" data-element_type=\"widget\" data-settings=\"{&quot;ekit_we_effect_on&quot;:&quot;none&quot;}\" data-widget_type=\"shortcode.default\">\n\t\t\t\t<div class=\"elementor-widget-container\">\n\t\t\t\t\t\t\t<div class=\"elementor-shortcode\"><div class=\"wpuf-message\">This page is restricted. Please <a href=\"https:\/\/bitnic.com.br\/sistema\/robo-postagens-v1\/?redirect_to=https%3A%2F%2Fbitnic.com.br%2Fsistema%2Fperfil-2%2F\">Acessar<\/a> to view this page.<\/div><\/div>\n\t\t\t\t\t\t<\/div>\n\t\t\t\t<\/div>\n\t\t\t\t\t<\/div>\n\t\t<\/div>\n\t\t\t\t<div class=\"elementor-column elementor-col-33 elementor-top-column elementor-element elementor-element-8e23c07\" data-id=\"8e23c07\" data-element_type=\"column\">\n\t\t\t<div class=\"elementor-widget-wrap\">\n\t\t\t\t\t\t\t<\/div>\n\t\t<\/div>\n\t\t\t\t\t<\/div>\n\t\t<\/section>\n\t\t\t\t<\/div>\n\t\t","protected":false},"excerpt":{"rendered":"<p>Atualizar Perfil Postagens em grupos Infiltra\u00e7\u00e3o em grupos Coment\u00e1rios Atualizar perfil Gerar dados para avatar Sair Powered by Campanha Digital<\/p>\n","protected":false},"author":1,"featured_media":0,"parent":0,"menu_order":0,"comment_status":"closed","ping_status":"closed","template":"","meta":{"footnotes":""},"class_list":["post-12999","page","type-page","status-publish","hentry"],"_links":{"self":[{"href":"https:\/\/bitnic.com.br\/sistema\/wp-json\/wp\/v2\/pages\/12999","targetHints":{"allow":["GET"]}}],"collection":[{"href":"https:\/\/bitnic.com.br\/sistema\/wp-json\/wp\/v2\/pages"}],"about":[{"href":"https:\/\/bitnic.com.br\/sistema\/wp-json\/wp\/v2\/types\/page"}],"author":[{"embeddable":true,"href":"https:\/\/bitnic.com.br\/sistema\/wp-json\/wp\/v2\/users\/1"}],"replies":[{"embeddable":true,"href":"https:\/\/bitnic.com.br\/sistema\/wp-json\/wp\/v2\/comments?post=12999"}],"version-history":[{"count":0,"href":"https:\/\/bitnic.com.br\/sistema\/wp-json\/wp\/v2\/pages\/12999\/revisions"}],"wp:attachment":[{"href":"https:\/\/bitnic.com.br\/sistema\/wp-json\/wp\/v2\/media?parent=12999"}],"curies":[{"name":"wp","href":"https:\/\/api.w.org\/{rel}","templated":true}]}}