{"id":13,"date":"2022-12-15T14:08:06","date_gmt":"2022-12-15T14:08:06","guid":{"rendered":"https:\/\/crawler.campanhadigital.net.br\/?page_id=13"},"modified":"2024-05-04T15:14:47","modified_gmt":"2024-05-04T15:14:47","slug":"login","status":"publish","type":"page","link":"https:\/\/bitnic.com.br\/sistema\/","title":{"rendered":"Passo 1 &#8211; Login"},"content":{"rendered":"\t\t<div data-elementor-type=\"wp-page\" data-elementor-id=\"13\" class=\"elementor elementor-13\">\n\t\t\t\t\t\t<section class=\"elementor-section elementor-top-section elementor-element elementor-element-651cd3b elementor-section-full_width elementor-section-height-default elementor-section-height-default\" data-id=\"651cd3b\" data-element_type=\"section\" data-settings=\"{&quot;background_background&quot;:&quot;classic&quot;,&quot;ekit_has_onepagescroll_dot&quot;:&quot;yes&quot;}\">\n\t\t\t\t\t\t<div class=\"elementor-container elementor-column-gap-default\">\n\t\t\t\t\t<div class=\"elementor-column elementor-col-100 elementor-top-column elementor-element elementor-element-e8f9866\" data-id=\"e8f9866\" data-element_type=\"column\">\n\t\t\t<div class=\"elementor-widget-wrap elementor-element-populated\">\n\t\t\t\t\t\t<section class=\"elementor-section elementor-inner-section elementor-element elementor-element-cf95f55 elementor-section-full_width elementor-section-height-default elementor-section-height-default\" data-id=\"cf95f55\" data-element_type=\"section\" data-settings=\"{&quot;ekit_has_onepagescroll_dot&quot;:&quot;yes&quot;}\">\n\t\t\t\t\t\t<div class=\"elementor-container elementor-column-gap-default\">\n\t\t\t\t\t<div class=\"elementor-column elementor-col-100 elementor-inner-column elementor-element elementor-element-84800e8\" data-id=\"84800e8\" data-element_type=\"column\">\n\t\t\t<div class=\"elementor-widget-wrap elementor-element-populated\">\n\t\t\t\t\t\t<div class=\"elementor-element elementor-element-9baa9fb dce_masking-none elementor-invisible elementor-widget elementor-widget-image\" data-id=\"9baa9fb\" data-element_type=\"widget\" data-settings=\"{&quot;_animation&quot;:&quot;fadeInDown&quot;,&quot;ekit_we_effect_on&quot;:&quot;none&quot;}\" data-widget_type=\"image.default\">\n\t\t\t\t<div class=\"elementor-widget-container\">\n\t\t\t\t\t\t\t\t\t\t\t\t\t\t\t<img fetchpriority=\"high\" decoding=\"async\" width=\"768\" height=\"212\" src=\"https:\/\/bitnic.com.br\/sistema\/wp-content\/uploads\/2023\/02\/logo-1-768x212.png\" class=\"attachment-medium_large size-medium_large wp-image-453\" alt=\"\" srcset=\"https:\/\/bitnic.com.br\/sistema\/wp-content\/uploads\/2023\/02\/logo-1-768x212.png 768w, https:\/\/bitnic.com.br\/sistema\/wp-content\/uploads\/2023\/02\/logo-1-300x83.png 300w, https:\/\/bitnic.com.br\/sistema\/wp-content\/uploads\/2023\/02\/logo-1-1024x283.png 1024w, https:\/\/bitnic.com.br\/sistema\/wp-content\/uploads\/2023\/02\/logo-1.png 1086w\" sizes=\"(max-width: 768px) 100vw, 768px\" \/>\t\t\t\t\t\t\t\t\t\t\t\t\t\t\t<\/div>\n\t\t\t\t<\/div>\n\t\t\t\t<div class=\"elementor-element elementor-element-5f5c63b dce_masking-none elementor-invisible elementor-widget elementor-widget-image\" data-id=\"5f5c63b\" data-element_type=\"widget\" data-settings=\"{&quot;_animation&quot;:&quot;fadeInUp&quot;,&quot;ekit_we_effect_on&quot;:&quot;none&quot;}\" data-widget_type=\"image.default\">\n\t\t\t\t<div class=\"elementor-widget-container\">\n\t\t\t\t\t\t\t\t\t\t\t\t\t\t\t<img decoding=\"async\" width=\"657\" height=\"137\" src=\"https:\/\/bitnic.com.br\/sistema\/wp-content\/uploads\/2023\/02\/icon-04.png\" class=\"attachment-full size-full wp-image-454\" alt=\"\" srcset=\"https:\/\/bitnic.com.br\/sistema\/wp-content\/uploads\/2023\/02\/icon-04.png 657w, https:\/\/bitnic.com.br\/sistema\/wp-content\/uploads\/2023\/02\/icon-04-300x63.png 300w\" sizes=\"(max-width: 657px) 100vw, 657px\" \/>\t\t\t\t\t\t\t\t\t\t\t\t\t\t\t<\/div>\n\t\t\t\t<\/div>\n\t\t\t\t\t<\/div>\n\t\t<\/div>\n\t\t\t\t\t<\/div>\n\t\t<\/section>\n\t\t\t\t<section class=\"elementor-section elementor-inner-section elementor-element elementor-element-c34a737 elementor-section-boxed elementor-section-height-default elementor-section-height-default\" data-id=\"c34a737\" data-element_type=\"section\" data-settings=\"{&quot;ekit_has_onepagescroll_dot&quot;:&quot;yes&quot;}\">\n\t\t\t\t\t\t<div class=\"elementor-container elementor-column-gap-default\">\n\t\t\t\t\t<div class=\"elementor-column elementor-col-33 elementor-inner-column elementor-element elementor-element-4bc2db9\" data-id=\"4bc2db9\" data-element_type=\"column\">\n\t\t\t<div class=\"elementor-widget-wrap\">\n\t\t\t\t\t\t\t<\/div>\n\t\t<\/div>\n\t\t\t\t<div class=\"elementor-column elementor-col-33 elementor-inner-column elementor-element elementor-element-e8cfbb8\" data-id=\"e8cfbb8\" data-element_type=\"column\">\n\t\t\t<div class=\"elementor-widget-wrap elementor-element-populated\">\n\t\t\t\t\t\t<div class=\"elementor-element elementor-element-e0bce96 elementor-widget elementor-widget-text-editor\" data-id=\"e0bce96\" data-element_type=\"widget\" data-settings=\"{&quot;ekit_we_effect_on&quot;:&quot;none&quot;}\" data-widget_type=\"text-editor.default\">\n\t\t\t\t<div class=\"elementor-widget-container\">\n\t\t\t\t\t\t\t\t\t<p>Sistema de controle de rede, utilizado para escanear a internet, dentro e fora das m\u00eddias sociais, mapeando e segmentando grupos sociais e \u00e1reas de interesse para posterior monitoramento comportamental, divulga\u00e7\u00e3o segmentada e convers\u00e3o eficiente do seu p\u00fablico alvo.<\/p>\t\t\t\t\t\t\t\t<\/div>\n\t\t\t\t<\/div>\n\t\t\t\t\t<\/div>\n\t\t<\/div>\n\t\t\t\t<div class=\"elementor-column elementor-col-33 elementor-inner-column elementor-element elementor-element-a837051\" data-id=\"a837051\" data-element_type=\"column\">\n\t\t\t<div class=\"elementor-widget-wrap\">\n\t\t\t\t\t\t\t<\/div>\n\t\t<\/div>\n\t\t\t\t\t<\/div>\n\t\t<\/section>\n\t\t\t\t<section class=\"elementor-section elementor-inner-section elementor-element elementor-element-692a6b0 elementor-section-full_width elementor-section-height-default elementor-section-height-default\" data-id=\"692a6b0\" data-element_type=\"section\" data-settings=\"{&quot;ekit_has_onepagescroll_dot&quot;:&quot;yes&quot;}\">\n\t\t\t\t\t\t<div class=\"elementor-container elementor-column-gap-no\">\n\t\t\t\t\t<div class=\"elementor-column elementor-col-33 elementor-inner-column elementor-element elementor-element-b7fada4\" data-id=\"b7fada4\" data-element_type=\"column\">\n\t\t\t<div class=\"elementor-widget-wrap elementor-element-populated\">\n\t\t\t\t\t\t<div class=\"elementor-element elementor-element-2c5d45b dce_masking-none elementor-invisible elementor-widget elementor-widget-image\" data-id=\"2c5d45b\" data-element_type=\"widget\" data-settings=\"{&quot;_animation&quot;:&quot;fadeInLeft&quot;,&quot;ekit_we_effect_on&quot;:&quot;none&quot;}\" data-widget_type=\"image.default\">\n\t\t\t\t<div class=\"elementor-widget-container\">\n\t\t\t\t\t\t\t\t\t\t\t\t\t\t\t<img decoding=\"async\" width=\"1080\" height=\"972\" src=\"https:\/\/bitnic.com.br\/sistema\/wp-content\/uploads\/2023\/02\/icon-02-1.png\" class=\"attachment-full size-full wp-image-456\" alt=\"\" srcset=\"https:\/\/bitnic.com.br\/sistema\/wp-content\/uploads\/2023\/02\/icon-02-1.png 1080w, https:\/\/bitnic.com.br\/sistema\/wp-content\/uploads\/2023\/02\/icon-02-1-300x270.png 300w, https:\/\/bitnic.com.br\/sistema\/wp-content\/uploads\/2023\/02\/icon-02-1-1024x922.png 1024w, https:\/\/bitnic.com.br\/sistema\/wp-content\/uploads\/2023\/02\/icon-02-1-768x691.png 768w\" sizes=\"(max-width: 1080px) 100vw, 1080px\" \/>\t\t\t\t\t\t\t\t\t\t\t\t\t\t\t<\/div>\n\t\t\t\t<\/div>\n\t\t\t\t\t<\/div>\n\t\t<\/div>\n\t\t\t\t<div class=\"elementor-column elementor-col-33 elementor-inner-column elementor-element elementor-element-8dc89c7\" data-id=\"8dc89c7\" data-element_type=\"column\" data-settings=\"{&quot;background_background&quot;:&quot;classic&quot;}\">\n\t\t\t<div class=\"elementor-widget-wrap elementor-element-populated\">\n\t\t\t\t\t\t<div class=\"elementor-element elementor-element-4e4a582 elementor-widget elementor-widget-shortcode\" data-id=\"4e4a582\" data-element_type=\"widget\" data-settings=\"{&quot;ekit_we_effect_on&quot;:&quot;none&quot;}\" data-widget_type=\"shortcode.default\">\n\t\t\t\t<div class=\"elementor-widget-container\">\n\t\t\t\t\t\t\t<div class=\"elementor-shortcode\"><div class=\"login\" id=\"wpuf-login-form\">\n\n    \n    \n    <form name=\"loginform\" class=\"wpuf-login-form\" id=\"loginform\" action=\"https:\/\/bitnic.com.br\/sistema\/robo-postagens-v1\/\" method=\"post\">\n        <p>\n            <label for=\"wpuf-user_login\">Username or Email<\/label>\n            <input type=\"text\" name=\"log\" id=\"wpuf-user_login\" class=\"input\" value=\"\" size=\"20\" \/>\n        <\/p>\n        <p>\n            <label for=\"wpuf-user_pass\">Password<\/label>\n            <input type=\"password\" name=\"pwd\" id=\"wpuf-user_pass\" class=\"input\" value=\"\" size=\"20\" \/>\n        <\/p>\n\n                \n        <p class=\"forgetmenot\">\n            <input name=\"rememberme\" type=\"checkbox\" id=\"wpuf-rememberme\" value=\"forever\" \/>\n            <label for=\"wpuf-rememberme\">Remember Me<\/label>\n        <\/p>\n\n        <p class=\"submit\">\n            <input type=\"submit\" name=\"wp-submit\" id=\"wp-submit\" value=\"Log In\" \/>\n            <input type=\"hidden\" name=\"redirect_to\" value=\"https:\/\/bitnic.com.br\/sistema\/robo-postagens-v1\/\" \/>\n            <input type=\"hidden\" name=\"wpuf_login\" value=\"true\" \/>\n            <input type=\"hidden\" name=\"action\" value=\"login\" \/>\n            <input type=\"hidden\" id=\"wpuf-login-nonce\" name=\"wpuf-login-nonce\" value=\"355e7576a8\" \/><input type=\"hidden\" name=\"_wp_http_referer\" value=\"\/sistema\/wp-json\/wp\/v2\/pages\/13\" \/>        <\/p>\n        <p>\n                        <script>\n                var wpuf_reg_form_id = document.querySelector('input[name=form_id]').value;\n                document.cookie = 'wpuf_reg_form_id' + \"=\" + wpuf_reg_form_id + ';path=\/';\n                window.addEventListener('DOMContentLoaded', (e) => {\n                    document.querySelectorAll('#wpuf_social_link a').forEach(function(link){link.href=link.href+'&form_id='+wpuf_reg_form_id})\n                });\n            <\/script>\n            <hr>\n            <div class=\"wpuf-social-login-text\"\n                 style=\"text-align:center; font-weight: bold;\"><\/div>\n            <br>\n            <ul class=\"jssocials-shares\" id=\"wpuf_social_link\">\n                                    <li class=\"jssocials-share jssocials-share-facebook\">\n                        <a href=\"https:\/\/bitnic.com.br\/sistema\/perfil\/?wpuf_reg=facebook\"\n                           class=\"jssocials-share-link\">\n                            <img decoding=\"async\" src=\"https:\/\/bitnic.com.br\/sistema\/wp-content\/plugins\/wp-user-frontend-pro\/assets\/images\/social-icons\/facebook.png\"\n                                 class=\"jssocials-share-logo\" alt=\"\"> Facebook                        <\/a>\n                    <\/li>\n                                    <li class=\"jssocials-share jssocials-share-google\">\n                        <a href=\"https:\/\/bitnic.com.br\/sistema\/perfil\/?wpuf_reg=google\"\n                           class=\"jssocials-share-link\">\n                            <img decoding=\"async\" src=\"https:\/\/bitnic.com.br\/sistema\/wp-content\/plugins\/wp-user-frontend-pro\/assets\/images\/social-icons\/google.png\"\n                                 class=\"jssocials-share-logo\" alt=\"\"> Google                        <\/a>\n                    <\/li>\n                            <\/ul>\n                    <\/p>\n    <\/form>\n\n    <a href=\"https:\/\/bitnic.com.br\/sistema\/registro-de-avatares\/\">Register<\/a> | <a href=\"https:\/\/bitnic.com.br\/sistema\/robo-postagens-v1\/?action=lostpassword\">Lost Password<\/a><\/div>\n<\/div>\n\t\t\t\t\t\t<\/div>\n\t\t\t\t<\/div>\n\t\t\t\t\t<\/div>\n\t\t<\/div>\n\t\t\t\t<div class=\"elementor-column elementor-col-33 elementor-inner-column elementor-element elementor-element-3e81267\" data-id=\"3e81267\" data-element_type=\"column\">\n\t\t\t<div class=\"elementor-widget-wrap elementor-element-populated\">\n\t\t\t\t\t\t<div class=\"elementor-element elementor-element-98686e5 dce_masking-none elementor-invisible elementor-widget elementor-widget-image\" data-id=\"98686e5\" data-element_type=\"widget\" data-settings=\"{&quot;_animation&quot;:&quot;fadeInRight&quot;,&quot;ekit_we_effect_on&quot;:&quot;none&quot;}\" data-widget_type=\"image.default\">\n\t\t\t\t<div class=\"elementor-widget-container\">\n\t\t\t\t\t\t\t\t\t\t\t\t\t\t\t<img loading=\"lazy\" decoding=\"async\" width=\"953\" height=\"597\" src=\"https:\/\/bitnic.com.br\/sistema\/wp-content\/uploads\/2023\/02\/icon-01-1.png\" class=\"attachment-full size-full wp-image-455\" alt=\"\" srcset=\"https:\/\/bitnic.com.br\/sistema\/wp-content\/uploads\/2023\/02\/icon-01-1.png 953w, https:\/\/bitnic.com.br\/sistema\/wp-content\/uploads\/2023\/02\/icon-01-1-300x188.png 300w, https:\/\/bitnic.com.br\/sistema\/wp-content\/uploads\/2023\/02\/icon-01-1-768x481.png 768w\" sizes=\"(max-width: 953px) 100vw, 953px\" \/>\t\t\t\t\t\t\t\t\t\t\t\t\t\t\t<\/div>\n\t\t\t\t<\/div>\n\t\t\t\t\t<\/div>\n\t\t<\/div>\n\t\t\t\t\t<\/div>\n\t\t<\/section>\n\t\t\t\t<section class=\"elementor-section elementor-inner-section elementor-element elementor-element-718f730 elementor-section-full_width elementor-section-height-default elementor-section-height-default\" data-id=\"718f730\" data-element_type=\"section\" data-settings=\"{&quot;ekit_has_onepagescroll_dot&quot;:&quot;yes&quot;}\">\n\t\t\t\t\t\t<div class=\"elementor-container elementor-column-gap-default\">\n\t\t\t\t\t<div class=\"elementor-column elementor-col-33 elementor-inner-column elementor-element elementor-element-db76a22\" data-id=\"db76a22\" data-element_type=\"column\">\n\t\t\t<div class=\"elementor-widget-wrap\">\n\t\t\t\t\t\t\t<\/div>\n\t\t<\/div>\n\t\t\t\t<div class=\"elementor-column elementor-col-33 elementor-inner-column elementor-element elementor-element-8bbb1a6 elementor-invisible\" data-id=\"8bbb1a6\" data-element_type=\"column\" data-settings=\"{&quot;animation&quot;:&quot;fadeInUp&quot;}\">\n\t\t\t<div class=\"elementor-widget-wrap elementor-element-populated\">\n\t\t\t\t\t\t<div class=\"elementor-element elementor-element-8a124ef elementor-widget elementor-widget-text-editor\" data-id=\"8a124ef\" data-element_type=\"widget\" data-settings=\"{&quot;ekit_we_effect_on&quot;:&quot;none&quot;}\" data-widget_type=\"text-editor.default\">\n\t\t\t\t<div class=\"elementor-widget-container\">\n\t\t\t\t\t\t\t\t\t<p><span style=\"color: #ffffff;\">Powered by<\/span> <a href=\"https:\/\/campanhadigital.net.br\" target=\"_blank\" rel=\"noopener\"><span style=\"color: #ff9900;\">Campanha Digital<\/span><\/a><\/p>\t\t\t\t\t\t\t\t<\/div>\n\t\t\t\t<\/div>\n\t\t\t\t\t<\/div>\n\t\t<\/div>\n\t\t\t\t<div class=\"elementor-column elementor-col-33 elementor-inner-column elementor-element elementor-element-1e33125\" data-id=\"1e33125\" data-element_type=\"column\">\n\t\t\t<div class=\"elementor-widget-wrap\">\n\t\t\t\t\t\t\t<\/div>\n\t\t<\/div>\n\t\t\t\t\t<\/div>\n\t\t<\/section>\n\t\t\t\t\t<\/div>\n\t\t<\/div>\n\t\t\t\t\t<\/div>\n\t\t<\/section>\n\t\t\t\t<\/div>\n\t\t","protected":false},"excerpt":{"rendered":"<p>Sistema de controle de rede, utilizado para escanear a internet, dentro e fora das m\u00eddias sociais, mapeando e segmentando grupos sociais e \u00e1reas de interesse para posterior monitoramento comportamental, divulga\u00e7\u00e3o segmentada e convers\u00e3o eficiente do seu p\u00fablico alvo. Powered by Campanha Digital<\/p>\n","protected":false},"author":1,"featured_media":0,"parent":0,"menu_order":0,"comment_status":"closed","ping_status":"closed","template":"elementor_canvas","meta":{"footnotes":""},"class_list":["post-13","page","type-page","status-publish","hentry"],"_links":{"self":[{"href":"https:\/\/bitnic.com.br\/sistema\/wp-json\/wp\/v2\/pages\/13","targetHints":{"allow":["GET"]}}],"collection":[{"href":"https:\/\/bitnic.com.br\/sistema\/wp-json\/wp\/v2\/pages"}],"about":[{"href":"https:\/\/bitnic.com.br\/sistema\/wp-json\/wp\/v2\/types\/page"}],"author":[{"embeddable":true,"href":"https:\/\/bitnic.com.br\/sistema\/wp-json\/wp\/v2\/users\/1"}],"replies":[{"embeddable":true,"href":"https:\/\/bitnic.com.br\/sistema\/wp-json\/wp\/v2\/comments?post=13"}],"version-history":[{"count":0,"href":"https:\/\/bitnic.com.br\/sistema\/wp-json\/wp\/v2\/pages\/13\/revisions"}],"wp:attachment":[{"href":"https:\/\/bitnic.com.br\/sistema\/wp-json\/wp\/v2\/media?parent=13"}],"curies":[{"name":"wp","href":"https:\/\/api.w.org\/{rel}","templated":true}]}}